{"id":34,"date":"2022-09-20T12:29:01","date_gmt":"2022-09-20T12:29:01","guid":{"rendered":"https:\/\/www.manonvincent.fr\/?page_id=34"},"modified":"2023-12-10T17:31:28","modified_gmt":"2023-12-10T17:31:28","slug":"prenons-rendez-vous","status":"publish","type":"page","link":"https:\/\/www.manonvincent.fr\/index.php\/prenons-rendez-vous\/","title":{"rendered":"Prenons rendez-vous"},"content":{"rendered":"\n<div class=\"wp-block-columns is-layout-flex wp-container-core-columns-is-layout-9d6595d7 wp-block-columns-is-layout-flex\">\n<div class=\"wp-block-column is-layout-flow wp-block-column-is-layout-flow\" style=\"flex-basis:50%\">\n<figure class=\"wp-block-image size-large\"><img loading=\"lazy\" decoding=\"async\" width=\"684\" height=\"1024\" src=\"https:\/\/www.manonvincent.fr\/wp-content\/uploads\/2023\/12\/Manon-vincent-contact-684x1024.jpg\" alt=\"\" class=\"wp-image-502\" srcset=\"https:\/\/www.manonvincent.fr\/wp-content\/uploads\/2023\/12\/Manon-vincent-contact-684x1024.jpg 684w, https:\/\/www.manonvincent.fr\/wp-content\/uploads\/2023\/12\/Manon-vincent-contact-200x300.jpg 200w, https:\/\/www.manonvincent.fr\/wp-content\/uploads\/2023\/12\/Manon-vincent-contact-768x1150.jpg 768w, https:\/\/www.manonvincent.fr\/wp-content\/uploads\/2023\/12\/Manon-vincent-contact.jpg 1000w\" sizes=\"auto, (max-width: 684px) 100vw, 684px\" \/><\/figure>\n<\/div>\n\n\n\n<div class=\"wp-block-column is-vertically-aligned-center is-layout-flow wp-block-column-is-layout-flow\" style=\"flex-basis:50%\">\n<p class=\"has-medium-font-size\">Ne soyez plus seul.e dans votre aventure, <strong>r\u00e9servez votre RDV D\u00e9couverte<\/strong> !<\/p>\n\n\n\n<p class=\"has-medium-font-size\">Je vous ferai vivre une premi\u00e8re exp\u00e9rience de coaching \u00e0 mes c\u00f4t\u00e9s, qui vous garantit un regain d&rsquo;\u00e9nergie et de confiance.<\/p>\n\n\n\n<p class=\"has-medium-font-size\">Nous ferons \u00e9galement le point sur vos objectifs, votre situation et vos challenges pour vous permettre de retrouver un nouveau souffle dans votre activit\u00e9.<\/p>\n\n\n\n<p class=\"has-medium-font-size\">Nous saurons aussi si nous sommes fa\u00eet.e.s ou non pour travailler ensemble.<\/p>\n\n\n\n<p class=\"has-medium-font-size\">Contactez-moi directement et n&rsquo;oubliez pas de me suivre sur <a href=\"https:\/\/www.linkedin.com\/in\/manon-vincent\/\"><strong>LinkedIn<\/strong><\/a>.<\/p>\n\n\n\n<p class=\"has-medium-font-size\">\ud83d\udce7 <strong> contact@manonvincent.fr<\/strong><\/p>\n\n\n\n<p class=\"has-medium-font-size\">\ud83d\udcf2 <strong>(+33) 6 58 25 73 40<\/strong><\/p>\n<\/div>\n<\/div>\n\n\n\n<div style=\"height:48px\" aria-hidden=\"true\" class=\"wp-block-spacer\"><\/div>\n","protected":false},"excerpt":{"rendered":"<p>Ne soyez plus seul.e dans votre aventure, r\u00e9servez votre RDV D\u00e9couverte ! Je vous ferai vivre une premi\u00e8re exp\u00e9rience de coaching \u00e0 mes c\u00f4t\u00e9s, qui vous garantit un regain d&rsquo;\u00e9nergie &hellip; <\/p>\n","protected":false},"author":1,"featured_media":0,"parent":0,"menu_order":0,"comment_status":"closed","ping_status":"closed","template":"","meta":{"footnotes":""},"class_list":["post-34","page","type-page","status-publish","hentry"],"_links":{"self":[{"href":"https:\/\/www.manonvincent.fr\/index.php\/wp-json\/wp\/v2\/pages\/34","targetHints":{"allow":["GET"]}}],"collection":[{"href":"https:\/\/www.manonvincent.fr\/index.php\/wp-json\/wp\/v2\/pages"}],"about":[{"href":"https:\/\/www.manonvincent.fr\/index.php\/wp-json\/wp\/v2\/types\/page"}],"author":[{"embeddable":true,"href":"https:\/\/www.manonvincent.fr\/index.php\/wp-json\/wp\/v2\/users\/1"}],"replies":[{"embeddable":true,"href":"https:\/\/www.manonvincent.fr\/index.php\/wp-json\/wp\/v2\/comments?post=34"}],"version-history":[{"count":49,"href":"https:\/\/www.manonvincent.fr\/index.php\/wp-json\/wp\/v2\/pages\/34\/revisions"}],"predecessor-version":[{"id":517,"href":"https:\/\/www.manonvincent.fr\/index.php\/wp-json\/wp\/v2\/pages\/34\/revisions\/517"}],"wp:attachment":[{"href":"https:\/\/www.manonvincent.fr\/index.php\/wp-json\/wp\/v2\/media?parent=34"}],"curies":[{"name":"wp","href":"https:\/\/api.w.org\/{rel}","templated":true}]}}