{"id":179,"date":"2022-09-30T14:00:31","date_gmt":"2022-09-30T14:00:31","guid":{"rendered":"https:\/\/www.manonvincent.fr\/?page_id=179"},"modified":"2024-12-04T09:16:47","modified_gmt":"2024-12-04T09:16:47","slug":"salut-je-suis-manon","status":"publish","type":"page","link":"https:\/\/www.manonvincent.fr\/index.php\/salut-je-suis-manon\/","title":{"rendered":"Vous \u00eates Coach \/ Consultant :"},"content":{"rendered":"\n<div style=\"height:20px\" aria-hidden=\"true\" class=\"wp-block-spacer\"><\/div>\n\n\n\n<p>\u2192 <strong>En train de lancer votre activit\u00e9, mais vous n&rsquo;osez pas vraiment passer \u00e0 l&rsquo;action ?<\/strong> Vous avez peur d&rsquo;\u00e9chouer, de faire mauvaise impression, de d\u00e9cevoir vos proches, et pire, de nuire \u00e0 votre r\u00e9putation. Du coup, vous vous concentrez sur des t\u00e2ches rassurantes, mais sans impact r\u00e9el : carte de visite, site web, logo\u2026 Pourtant, vous savez que ce n&rsquo;est pas \u00e7a qui vous permettra de passer de 0 \u00e0 20 000\u20ac de chiffre d&rsquo;affaires (CA).<\/p>\n\n\n\n<div style=\"height:5px\" aria-hidden=\"true\" class=\"wp-block-spacer\"><\/div>\n\n\n\n<p><strong>\u2192 D\u00e9j\u00e0 lanc\u00e9.e, mais bloqu\u00e9.e sous la barre des 20 000 \u20ac de CA avec vos offres d\u2019accompagnement ?<\/strong> Votre activit\u00e9 devient de plus en plus impr\u00e9visible, et le stress s&rsquo;intensifie. Vous avez du mal \u00e0 d\u00e9crocher des appels de vente, et vos posts ou recommandations ne suffisent plus \u00e0 faire passer votre CA au niveau sup\u00e9rieur.<\/p>\n\n\n\n<div style=\"height:0px\" aria-hidden=\"true\" class=\"wp-block-spacer\"><\/div>\n\n\n\n<div style=\"height:5px\" aria-hidden=\"true\" class=\"wp-block-spacer\"><\/div>\n\n\n\n<p><strong>Vous en avez assez de t\u00e2tonner ? <\/strong>Vous \u00eates pr\u00eat.e \u00e0 vous rendre visible, prospecter et vendre une offre premium, tout en vous sentant enfin \u00e0 l&rsquo;aise ? Vous cherchez une m\u00e9thode qui vous permette de booker des rendez-vous et g\u00e9n\u00e9rer le CA dont vous avez vraiment besoin ?<\/p>\n\n\n\n<div style=\"height:4px\" aria-hidden=\"true\" class=\"wp-block-spacer\"><\/div>\n\n\n\n<p><strong>C&rsquo;est l\u00e0 que j&rsquo;interviens.<\/strong> Souvent, les blocages viennent d&rsquo;un mix de strat\u00e9gies mal pos\u00e9es, de procrastination cach\u00e9e et d&rsquo;une fa\u00e7on de penser qui limite. Ensemble, on travaillera sur votre strat\u00e9gie, votre passage \u00e0 l&rsquo;action et votre mani\u00e8re d&rsquo;aborder les situations. <\/p>\n\n\n\n<p>Parce que quand vous combinez une bonne offre, des actions justes, la bonne attitude, et un renforcement de vos comp\u00e9tences commerciales, tout devient bien plus fluide et bien moins stressant. <\/p>\n\n\n\n<p>Bon, concr\u00e8tement&#8230;<\/p>\n\n\n\n<p><\/p>\n","protected":false},"excerpt":{"rendered":"<p>\u2192 En train de lancer votre activit\u00e9, mais vous n&rsquo;osez pas vraiment passer \u00e0 l&rsquo;action ? Vous avez peur d&rsquo;\u00e9chouer, de faire mauvaise impression, de d\u00e9cevoir vos proches, et pire, &hellip; <\/p>\n","protected":false},"author":1,"featured_media":391,"parent":0,"menu_order":0,"comment_status":"closed","ping_status":"closed","template":"","meta":{"footnotes":""},"class_list":["post-179","page","type-page","status-publish","has-post-thumbnail","hentry"],"_links":{"self":[{"href":"https:\/\/www.manonvincent.fr\/index.php\/wp-json\/wp\/v2\/pages\/179","targetHints":{"allow":["GET"]}}],"collection":[{"href":"https:\/\/www.manonvincent.fr\/index.php\/wp-json\/wp\/v2\/pages"}],"about":[{"href":"https:\/\/www.manonvincent.fr\/index.php\/wp-json\/wp\/v2\/types\/page"}],"author":[{"embeddable":true,"href":"https:\/\/www.manonvincent.fr\/index.php\/wp-json\/wp\/v2\/users\/1"}],"replies":[{"embeddable":true,"href":"https:\/\/www.manonvincent.fr\/index.php\/wp-json\/wp\/v2\/comments?post=179"}],"version-history":[{"count":119,"href":"https:\/\/www.manonvincent.fr\/index.php\/wp-json\/wp\/v2\/pages\/179\/revisions"}],"predecessor-version":[{"id":879,"href":"https:\/\/www.manonvincent.fr\/index.php\/wp-json\/wp\/v2\/pages\/179\/revisions\/879"}],"wp:featuredmedia":[{"embeddable":true,"href":"https:\/\/www.manonvincent.fr\/index.php\/wp-json\/wp\/v2\/media\/391"}],"wp:attachment":[{"href":"https:\/\/www.manonvincent.fr\/index.php\/wp-json\/wp\/v2\/media?parent=179"}],"curies":[{"name":"wp","href":"https:\/\/api.w.org\/{rel}","templated":true}]}}